{"id":134,"date":"2015-05-03T13:26:46","date_gmt":"2015-05-03T13:26:46","guid":{"rendered":"http:\/\/wordpress.raumgestaltung-thueringen.com\/?page_id=134"},"modified":"2015-05-03T20:49:32","modified_gmt":"2015-05-03T20:49:32","slug":"vorort-beratung-und-planung","status":"publish","type":"page","link":"https:\/\/www.raumgestaltung-thueringen.de\/?page_id=134","title":{"rendered":"Beratung und Planung"},"content":{"rendered":"<p><img loading=\"lazy\" decoding=\"async\" class=\"  wp-image-16 alignright\" src=\"http:\/\/wordpress.raumgestaltung-thueringen.com\/wp-content\/uploads\/2014\/11\/cropped-DSC2427-300x153.jpg\" alt=\"\" width=\"355\" height=\"181\" srcset=\"http:\/\/wordpress.raumgestaltung-thueringen.com\/wp-content\/uploads\/2014\/11\/cropped-DSC2427-300x153.jpg 300w, http:\/\/wordpress.raumgestaltung-thueringen.com\/wp-content\/uploads\/2014\/11\/cropped-DSC2427-1024x522.jpg 1024w, http:\/\/wordpress.raumgestaltung-thueringen.com\/wp-content\/uploads\/2014\/11\/cropped-DSC2427-772x394.jpg 772w, http:\/\/wordpress.raumgestaltung-thueringen.com\/wp-content\/uploads\/2014\/11\/cropped-DSC2427-1230x627.jpg 1230w, http:\/\/wordpress.raumgestaltung-thueringen.com\/wp-content\/uploads\/2014\/11\/cropped-DSC2427-314x160.jpg 314w, http:\/\/wordpress.raumgestaltung-thueringen.com\/wp-content\/uploads\/2014\/11\/cropped-DSC2427.jpg 1500w\" sizes=\"auto, (max-width: 355px) 100vw, 355px\" \/>Gern berate ich Sie Vorort oder in meinem B\u00fcro ausf\u00fchrlich \u00fcber die M\u00f6glichkeiten f\u00fcr die Gestaltung Ihres zu Hauses oder Ihrer Gesch\u00e4ftsr\u00e4ume. Meine langj\u00e4hrige Erfahrung erlaubt die realistische Planung und p\u00fcnktliche Fertigstellung Ihres Projektes.<\/p>\n","protected":false},"excerpt":{"rendered":"<p>Gern berate ich Sie Vorort oder in meinem B\u00fcro ausf\u00fchrlich \u00fcber die M\u00f6glichkeiten f\u00fcr die Gestaltung Ihres zu Hauses oder Ihrer Gesch\u00e4ftsr\u00e4ume. Meine langj\u00e4hrige Erfahrung erlaubt die realistische Planung und p\u00fcnktliche Fertigstellung Ihres Projektes.<\/p>\n","protected":false},"author":1,"featured_media":0,"parent":110,"menu_order":1,"comment_status":"closed","ping_status":"closed","template":"","meta":{"footnotes":""},"class_list":["post-134","page","type-page","status-publish","hentry"],"_links":{"self":[{"href":"https:\/\/www.raumgestaltung-thueringen.de\/index.php?rest_route=\/wp\/v2\/pages\/134","targetHints":{"allow":["GET"]}}],"collection":[{"href":"https:\/\/www.raumgestaltung-thueringen.de\/index.php?rest_route=\/wp\/v2\/pages"}],"about":[{"href":"https:\/\/www.raumgestaltung-thueringen.de\/index.php?rest_route=\/wp\/v2\/types\/page"}],"author":[{"embeddable":true,"href":"https:\/\/www.raumgestaltung-thueringen.de\/index.php?rest_route=\/wp\/v2\/users\/1"}],"replies":[{"embeddable":true,"href":"https:\/\/www.raumgestaltung-thueringen.de\/index.php?rest_route=%2Fwp%2Fv2%2Fcomments&post=134"}],"version-history":[{"count":4,"href":"https:\/\/www.raumgestaltung-thueringen.de\/index.php?rest_route=\/wp\/v2\/pages\/134\/revisions"}],"predecessor-version":[{"id":197,"href":"https:\/\/www.raumgestaltung-thueringen.de\/index.php?rest_route=\/wp\/v2\/pages\/134\/revisions\/197"}],"up":[{"embeddable":true,"href":"https:\/\/www.raumgestaltung-thueringen.de\/index.php?rest_route=\/wp\/v2\/pages\/110"}],"wp:attachment":[{"href":"https:\/\/www.raumgestaltung-thueringen.de\/index.php?rest_route=%2Fwp%2Fv2%2Fmedia&parent=134"}],"curies":[{"name":"wp","href":"https:\/\/api.w.org\/{rel}","templated":true}]}}