{"id":185,"date":"2015-05-03T20:40:23","date_gmt":"2015-05-03T20:40:23","guid":{"rendered":"http:\/\/wordpress.raumgestaltung-thueringen.com\/?page_id=185"},"modified":"2015-05-03T20:43:52","modified_gmt":"2015-05-03T20:43:52","slug":"bodenbelaege-und-mehr","status":"publish","type":"page","link":"https:\/\/www.raumgestaltung-thueringen.de\/?page_id=185","title":{"rendered":"Bodenbel\u00e4ge und mehr"},"content":{"rendered":"<p><a href=\"http:\/\/wordpress.raumgestaltung-thueringen.com\/wp-content\/uploads\/2015\/05\/DSC2414-e1430685080828.jpg\"><img loading=\"lazy\" decoding=\"async\" class=\"alignright wp-image-186 size-medium\" src=\"http:\/\/wordpress.raumgestaltung-thueringen.com\/wp-content\/uploads\/2015\/05\/DSC2414-300x169.jpg\" alt=\"\" width=\"300\" height=\"169\" \/><\/a><\/p>\n<p>Mit der Um- oder Neugestaltung von Decken und W\u00e4nden geht meist eine Ver\u00e4nderung des Bodenbelags einher. Die Verlegung von Auslegware, Fliesen, Laminat oder PVC-Belag geh\u00f6ren zu meinem Angebot.<\/p>\n","protected":false},"excerpt":{"rendered":"<p>Mit der Um- oder Neugestaltung von Decken und W\u00e4nden geht meist eine Ver\u00e4nderung des Bodenbelags einher. Die Verlegung von Auslegware, Fliesen, Laminat oder PVC-Belag geh\u00f6ren zu meinem Angebot.<\/p>\n","protected":false},"author":1,"featured_media":0,"parent":110,"menu_order":4,"comment_status":"closed","ping_status":"closed","template":"","meta":{"footnotes":""},"class_list":["post-185","page","type-page","status-publish","hentry"],"_links":{"self":[{"href":"https:\/\/www.raumgestaltung-thueringen.de\/index.php?rest_route=\/wp\/v2\/pages\/185","targetHints":{"allow":["GET"]}}],"collection":[{"href":"https:\/\/www.raumgestaltung-thueringen.de\/index.php?rest_route=\/wp\/v2\/pages"}],"about":[{"href":"https:\/\/www.raumgestaltung-thueringen.de\/index.php?rest_route=\/wp\/v2\/types\/page"}],"author":[{"embeddable":true,"href":"https:\/\/www.raumgestaltung-thueringen.de\/index.php?rest_route=\/wp\/v2\/users\/1"}],"replies":[{"embeddable":true,"href":"https:\/\/www.raumgestaltung-thueringen.de\/index.php?rest_route=%2Fwp%2Fv2%2Fcomments&post=185"}],"version-history":[{"count":3,"href":"https:\/\/www.raumgestaltung-thueringen.de\/index.php?rest_route=\/wp\/v2\/pages\/185\/revisions"}],"predecessor-version":[{"id":189,"href":"https:\/\/www.raumgestaltung-thueringen.de\/index.php?rest_route=\/wp\/v2\/pages\/185\/revisions\/189"}],"up":[{"embeddable":true,"href":"https:\/\/www.raumgestaltung-thueringen.de\/index.php?rest_route=\/wp\/v2\/pages\/110"}],"wp:attachment":[{"href":"https:\/\/www.raumgestaltung-thueringen.de\/index.php?rest_route=%2Fwp%2Fv2%2Fmedia&parent=185"}],"curies":[{"name":"wp","href":"https:\/\/api.w.org\/{rel}","templated":true}]}}